{"id":6679,"date":"2022-09-13T00:43:28","date_gmt":"2022-09-13T00:43:28","guid":{"rendered":"https:\/\/unpop.ces.uc.pt\/?page_id=6679"},"modified":"2022-12-29T14:55:50","modified_gmt":"2022-12-29T14:55:50","slug":"com-jovens","status":"publish","type":"page","link":"https:\/\/unpop.ces.uc.pt\/en\/com-jovens\/","title":{"rendered":"Youth Outreach"},"content":{"rendered":"<div id=\"fws_69e19e0770990\"  data-column-margin=\"default\" data-midnight=\"dark\" data-top-percent=\"0%\"  class=\"wpb_row vc_row-fluid vc_row full-width-content vc_row-o-equal-height vc_row-flex vc_row-o-content-top  right_padding_30px left_padding_50px\"  style=\"padding-top: calc(100vw * 0.00); padding-bottom: 0px; \"><div class=\"row-bg-wrap\" data-bg-animation=\"none\" data-bg-overlay=\"false\"><div class=\"inner-wrap\"><div class=\"row-bg viewport-desktop\"  style=\"\"><\/div><\/div><div class=\"row-bg-overlay\" style=\"background:linear-gradient(180deg, rgb(240,240,240) 0%, rgb(255,255,255) 59%);\"><\/div><\/div><div class=\"row_col_wrap_12 col span_12 dark left\">\n\t<div  class=\"vc_col-sm-12 wpb_column column_container vc_column_container col centered-text no-extra-padding inherit_tablet inherit_phone\"  data-padding-pos=\"all\" data-has-bg-color=\"false\" data-bg-color=\"\" data-bg-opacity=\"1\" data-animation=\"\" data-delay=\"0\" >\n\t\t<div class=\"vc_column-inner\" >\n\t\t\t<div class=\"wpb_wrapper\">\n\t\t\t\t<div id=\"fws_69e19e0770dc0\" data-midnight=\"\" data-column-margin=\"default\" class=\"wpb_row vc_row-fluid vc_row inner_row\"  style=\"\"><div class=\"row-bg-wrap\"> <div class=\"row-bg\" ><\/div> <\/div><div class=\"row_col_wrap_12_inner col span_12  center\">\n\t<div  class=\"vc_col-sm-12 wpb_column column_container vc_column_container col child_column no-extra-padding inherit_tablet inherit_phone\"   data-padding-pos=\"all\" data-has-bg-color=\"false\" data-bg-color=\"\" data-bg-opacity=\"1\" data-animation=\"\" data-delay=\"0\" >\n\t\t<div class=\"vc_column-inner\" >\n\t\t<div class=\"wpb_wrapper\">\n\t\t\t<div class=\"divider-wrap\" data-alignment=\"default\"><div style=\"height: 70px;\" class=\"divider\"><\/div><\/div><div class=\"nectar-split-heading\" data-align=\"default\" data-m-align=\"inherit\" data-text-effect=\"default\" data-animation-type=\"line-reveal-by-space\" data-animation-delay=\"0\" data-animation-offset=\"\" data-m-rm-animation=\"\" data-stagger=\"\" data-custom-font-size=\"false\" ><h1 style=\"max-width: 500px;\">Youth Outreach<\/h1><\/div><div class=\"nectar-split-heading\" data-align=\"left\" data-m-align=\"inherit\" data-text-effect=\"none\" data-animation-type=\"line-reveal-by-space\" data-animation-delay=\"0\" data-animation-offset=\"\" data-m-rm-animation=\"\" data-stagger=\"true\" data-custom-font-size=\"false\" ><h2 style=\" color: #63075d;\"><\/h2><\/div>\n\t\t<\/div> \n\t<\/div>\n\t<\/div> \n<\/div><\/div><div class=\"divider-wrap\" data-alignment=\"default\"><div style=\"height: 25px;\" class=\"divider\"><\/div><\/div>\n\t\t\t<\/div> \n\t\t<\/div>\n\t<\/div> \n<\/div><\/div>\n\t\t<div id=\"fws_69e19e077162c\"  data-column-margin=\"default\" data-midnight=\"dark\"  class=\"wpb_row vc_row-fluid vc_row\"  style=\"padding-top: 0px; padding-bottom: 0px; \"><div class=\"row-bg-wrap\" data-bg-animation=\"none\" data-bg-overlay=\"false\"><div class=\"inner-wrap\"><div class=\"row-bg viewport-desktop\"  style=\"\"><\/div><\/div><\/div><div class=\"row_col_wrap_12 col span_12 dark left\">\n\t<div  class=\"vc_col-sm-12 wpb_column column_container vc_column_container col no-extra-padding inherit_tablet inherit_phone\"  data-padding-pos=\"all\" data-has-bg-color=\"false\" data-bg-color=\"\" data-bg-opacity=\"1\" data-animation=\"\" data-delay=\"0\" >\n\t\t<div class=\"vc_column-inner\" >\n\t\t\t<div class=\"wpb_wrapper\">\n\t\t\t\t<div class='nectar-post-grid-wrap text-color-light spacing-10px' data-el-settings='{\"post_type\":\"post\",\"pagination\":\"load-more\",\"image_size\":\"medium\",\"aspect_ratio_image_size\":\"\",\"display_categories\":\"0\",\"display_excerpt\":\"0\",\"display_date\":\"yes\",\"color_overlay\":\"#000000\",\"color_overlay_opacity\":\"0.5\",\"color_overlay_hover_opacity\":\"0.7\",\"card_bg_color\":\"\",\"grid_style\":\"content_overlaid\",\"hover_effect\":\"zoom\",\"post_title_overlay\":\"\",\"heading_tag\":\"default\",\"enable_gallery_lightbox\":\"0\",\"overlay_secondary_project_image\":\"\",\"vertical_list_hover_effect\":\"none\",\"vertical_list_read_more\":\"\"}' data-style='content_overlaid' data-query='{\"post_type\":\"post\",\"posts_per_page\":\"-1\",\"order\":\"DESC\",\"orderby\":\"date\",\"offset\":\"0\",\"cpt_name\":\"post\",\"custom_query_tax\":\"\",\"ignore_sticky_posts\":\"\"}' data-load-more-color='accent-color' data-load-more-text='Load More'><div class=\"nectar-post-grid-filters\" data-active-color=\"default\" data-align=\"default\" data-animation=\"fade-in-from-bottom\" data-sortable=\"\"><h4>Filter<\/h4><div><a href=\"#\" data-filter=\"com-jovens\" data-total-count=\"9\">Youth Outreach<\/a><\/div><\/div><div class=\"nectar-post-grid font_size_1-1vw text-opacity-1 text-opacity-hover-1 category-position-after-title\" data-indicator=\"yes\" data-indicator-style=\"default\" data-indicator-text-color=\"#ffffff\" data-indicator-color=\"#a355a5\" data-indicator-text=\"View\" data-columns=\"3\" data-hover-effect=\"zoom\" data-text-style=\"default\" data-border-radius=\"none\" data-grid-item-height=\"30vh\" data-grid-spacing=\"10px\" data-text-layout=\"all_top_left\" data-text-color=\"light\" data-text-hover-color=\"light\" data-shadow-hover=\"\" data-animation=\"fade-in-from-bottom\" data-cat-click=\"default\"><div class=\"nectar-post-grid-item\" data-has-img=\"true\"> <div class=\"inner\"><div class=\"nectar-post-grid-item-bg\" data-nectar-img-src=\"https:\/\/unpop.ces.uc.pt\/wp-content\/uploads\/2023\/05\/Cabeceiras-de-Basto-300x226.jpg\"><\/div><div class=\"bg-overlay\" style=\" background-color: #000000;\" data-opacity=\"0.5\" data-hover-opacity=\"0.7\"><\/div><div class=\"content\"><a class=\"nectar-post-grid-link\" href=\"https:\/\/unpop.ces.uc.pt\/en\/ces-vai-a-escola-unpop-escola-basica-e-secundaria-de-cabeceiras-de-basto\/\" aria-label=\"CES vai \u00e0 Escola UNPOP &#8211; Escola B\u00e1sica e Secund\u00e1ria de Cabeceiras de Basto\"><\/a><div class=\"item-main\"><h3 class=\"post-heading\"><a href=\"https:\/\/unpop.ces.uc.pt\/en\/ces-vai-a-escola-unpop-escola-basica-e-secundaria-de-cabeceiras-de-basto\/\"><span>CES goes to School \u2013 Escola B\u00e1sica e Secund\u00e1ria de Cabeceiras de Basto<\/span><\/a><\/h3><span class=\"meta-date\">31\/05\/2023<\/span><\/div><\/div><\/div><\/div><div class=\"nectar-post-grid-item\" data-has-img=\"true\"> <div class=\"inner\"><div class=\"nectar-post-grid-item-bg\" data-nectar-img-src=\"https:\/\/unpop.ces.uc.pt\/wp-content\/uploads\/2023\/05\/Maia-300x226.jpg\"><\/div><div class=\"bg-overlay\" style=\" background-color: #000000;\" data-opacity=\"0.5\" data-hover-opacity=\"0.7\"><\/div><div class=\"content\"><a class=\"nectar-post-grid-link\" href=\"https:\/\/unpop.ces.uc.pt\/en\/ces-vai-a-escola-unpop-escola-secundaria-da-maia\/\" aria-label=\"CES vai \u00e0 Escola UNPOP &#8211; Escola Secund\u00e1ria da Maia\"><\/a><div class=\"item-main\"><h3 class=\"post-heading\"><a href=\"https:\/\/unpop.ces.uc.pt\/en\/ces-vai-a-escola-unpop-escola-secundaria-da-maia\/\"><span>CES goes to School\u2013 Escola Secund\u00e1ria da Maia<\/span><\/a><\/h3><span class=\"meta-date\">31\/05\/2023<\/span><\/div><\/div><\/div><\/div><div class=\"nectar-post-grid-item\" data-has-img=\"true\"> <div class=\"inner\"><div class=\"nectar-post-grid-item-bg\" data-nectar-img-src=\"https:\/\/unpop.ces.uc.pt\/wp-content\/uploads\/2023\/05\/Oliveira-do-Bairro-300x226.jpg\"><\/div><div class=\"bg-overlay\" style=\" background-color: #000000;\" data-opacity=\"0.5\" data-hover-opacity=\"0.7\"><\/div><div class=\"content\"><a class=\"nectar-post-grid-link\" href=\"https:\/\/unpop.ces.uc.pt\/en\/ces-vai-a-escola-unpop-escola-secundaria-de-oliveira-do-bairro\/\" aria-label=\"CES vai \u00e0 Escola UNPOP &#8211; Escola Secund\u00e1ria de Oliveira do Bairro\"><\/a><div class=\"item-main\"><h3 class=\"post-heading\"><a href=\"https:\/\/unpop.ces.uc.pt\/en\/ces-vai-a-escola-unpop-escola-secundaria-de-oliveira-do-bairro\/\"><span>CES goes to School \u2013 Escola Secund\u00e1ria de Oliveira do Bairro<\/span><\/a><\/h3><span class=\"meta-date\">26\/05\/2023<\/span><\/div><\/div><\/div><\/div><div class=\"nectar-post-grid-item\" data-has-img=\"true\"> <div class=\"inner\"><div class=\"nectar-post-grid-item-bg\" data-nectar-img-src=\"https:\/\/unpop.ces.uc.pt\/wp-content\/uploads\/2023\/05\/1683875270785-300x226.jpg\"><\/div><div class=\"bg-overlay\" style=\" background-color: #000000;\" data-opacity=\"0.5\" data-hover-opacity=\"0.7\"><\/div><div class=\"content\"><a class=\"nectar-post-grid-link\" href=\"https:\/\/unpop.ces.uc.pt\/en\/ces-vai-a-escola-unpop-agrupamento-de-escolas-de-vila-nova-de-paiva\/\" aria-label=\"CES vai \u00e0 Escola UNPOP &#8211; Agrupamento de Escolas de Vila Nova de Paiva\"><\/a><div class=\"item-main\"><h3 class=\"post-heading\"><a href=\"https:\/\/unpop.ces.uc.pt\/en\/ces-vai-a-escola-unpop-agrupamento-de-escolas-de-vila-nova-de-paiva\/\"><span>CES goes to School \u2013 Agrupamento de Escolas de Vila Nova de Paiva<\/span><\/a><\/h3><span class=\"meta-date\">12\/05\/2023<\/span><\/div><\/div><\/div><\/div><div class=\"nectar-post-grid-item\" data-has-img=\"true\"> <div class=\"inner\"><div class=\"nectar-post-grid-item-bg\" data-nectar-img-src=\"https:\/\/unpop.ces.uc.pt\/wp-content\/uploads\/2023\/02\/Gondomar-300x225.jpg\"><\/div><div class=\"bg-overlay\" style=\" background-color: #000000;\" data-opacity=\"0.5\" data-hover-opacity=\"0.7\"><\/div><div class=\"content\"><a class=\"nectar-post-grid-link\" href=\"https:\/\/unpop.ces.uc.pt\/en\/ces-vai-a-escola-unpop-escola-secundaria-de-gondomar\/\" aria-label=\"CES vai \u00e0 Escola UNPOP &#8211; Escola Secund\u00e1ria de Gondomar\"><\/a><div class=\"item-main\"><h3 class=\"post-heading\"><a href=\"https:\/\/unpop.ces.uc.pt\/en\/ces-vai-a-escola-unpop-escola-secundaria-de-gondomar\/\"><span>CES goes to School \u2013 Escola Secund\u00e1ria de Gondomar<\/span><\/a><\/h3><span class=\"meta-date\">01\/02\/2023<\/span><\/div><\/div><\/div><\/div><div class=\"nectar-post-grid-item\" data-has-img=\"true\"> <div class=\"inner\"><div class=\"nectar-post-grid-item-bg\" data-nectar-img-src=\"https:\/\/unpop.ces.uc.pt\/wp-content\/uploads\/2022\/12\/PAREDES-300x213.jpg\"><\/div><div class=\"bg-overlay\" style=\" background-color: #000000;\" data-opacity=\"0.5\" data-hover-opacity=\"0.7\"><\/div><div class=\"content\"><a class=\"nectar-post-grid-link\" href=\"https:\/\/unpop.ces.uc.pt\/en\/ces-vai-a-escola-unpop-escola-de-paredes\/\" aria-label=\"CES vai \u00e0 Escola UNPOP &#8211; Escola Secund\u00e1ria de Paredes\"><\/a><div class=\"item-main\"><h3 class=\"post-heading\"><a href=\"https:\/\/unpop.ces.uc.pt\/en\/ces-vai-a-escola-unpop-escola-de-paredes\/\"><span>CES goes to School UNPOP - Escola Secund\u00e1ria de Paredes<\/span><\/a><\/h3><span class=\"meta-date\">13\/12\/2022<\/span><\/div><\/div><\/div><\/div><div class=\"nectar-post-grid-item\" data-has-img=\"true\"> <div class=\"inner\"><div class=\"nectar-post-grid-item-bg\" data-nectar-img-src=\"https:\/\/unpop.ces.uc.pt\/wp-content\/uploads\/2022\/12\/EBS-ALMADA_2-2-300x225.jpg\"><\/div><div class=\"bg-overlay\" style=\" background-color: #000000;\" data-opacity=\"0.5\" data-hover-opacity=\"0.7\"><\/div><div class=\"content\"><a class=\"nectar-post-grid-link\" href=\"https:\/\/unpop.ces.uc.pt\/en\/ces-vai-a-escola-unpop-escola-de-sao-joao-do-estoril\/\" aria-label=\"CES vai \u00e0 Escola UNPOP &#8211; Escola de S\u00e3o Jo\u00e3o do Estoril\"><\/a><div class=\"item-main\"><h3 class=\"post-heading\"><a href=\"https:\/\/unpop.ces.uc.pt\/en\/ces-vai-a-escola-unpop-escola-de-sao-joao-do-estoril\/\"><span>CES goes to School UNPOP - Escola de S\u00e3o Jo\u00e3o do Estoril<\/span><\/a><\/h3><span class=\"meta-date\">12\/12\/2022<\/span><\/div><\/div><\/div><\/div><div class=\"nectar-post-grid-item\" data-has-img=\"true\"> <div class=\"inner\"><div class=\"nectar-post-grid-item-bg\" data-nectar-img-src=\"https:\/\/unpop.ces.uc.pt\/wp-content\/uploads\/2022\/12\/EBS-ALMADA_2-300x225.jpg\"><\/div><div class=\"bg-overlay\" style=\" background-color: #000000;\" data-opacity=\"0.5\" data-hover-opacity=\"0.7\"><\/div><div class=\"content\"><a class=\"nectar-post-grid-link\" href=\"https:\/\/unpop.ces.uc.pt\/en\/ces-vai-a-escola-unpop-escola-secundaria-fernao-mendes-pinto-almada\/\" aria-label=\"CES vai \u00e0 Escola UNPOP &#8211; Escola Secund\u00e1ria Fern\u00e3o Mendes Pinto, Almada\"><\/a><div class=\"item-main\"><h3 class=\"post-heading\"><a href=\"https:\/\/unpop.ces.uc.pt\/en\/ces-vai-a-escola-unpop-escola-secundaria-fernao-mendes-pinto-almada\/\"><span>CES goes to School \u2013 Escola Secund\u00e1ria Fern\u00e3o Mendes Pinto, Almada<\/span><\/a><\/h3><span class=\"meta-date\">12\/12\/2022<\/span><\/div><\/div><\/div><\/div><div class=\"nectar-post-grid-item\" data-has-img=\"true\"> <div class=\"inner\"><div class=\"nectar-post-grid-item-bg\" data-nectar-img-src=\"https:\/\/unpop.ces.uc.pt\/wp-content\/uploads\/2022\/09\/Ciencia_Viva-300x193.jpg\"><\/div><div class=\"bg-overlay\" style=\" background-color: #000000;\" data-opacity=\"0.5\" data-hover-opacity=\"0.7\"><\/div><div class=\"content\"><a class=\"nectar-post-grid-link\" href=\"https:\/\/unpop.ces.uc.pt\/en\/compreender-a-relacao-entre-emocoes-e-populismo\/\" aria-label=\"Understanding the relationship between Emotions and Populism\"><\/a><div class=\"item-main\"><h3 class=\"post-heading\"><a href=\"https:\/\/unpop.ces.uc.pt\/en\/compreender-a-relacao-entre-emocoes-e-populismo\/\"><span>Understanding the relationship between Emotions and Populism<\/span><\/a><\/h3><span class=\"meta-date\">18\/07\/2022<\/span><\/div><\/div><\/div><\/div><\/div><\/div>\n\t\t\t<\/div> \n\t\t<\/div>\n\t<\/div> \n<\/div><\/div>","protected":false},"excerpt":{"rendered":"LISTAGEM DE EST\u00c1GIOS Institui\u00e7\u00e3o:\u00a0Centro de Estudos Sociais (CES), Universidade de Coimbra Respons\u00e1vel:\u00a0Ciencia Viva no CES N\u00ba Alunos:\u00a04 Anos:\u00a09\u00ba,\u00a010\u00ba,\u00a011\u00ba,\u00a012\u00ba \u00c1rea:\u00a0Sociologia Data:\u00a0de 18-07-2022 a 22-07-2022\u00a0Hor\u00e1rio:\u00a0Manh\u00e3 + Tarde Investigador(es):\u00a0Cristiano Gianolla e Manuel Jo\u00e3o...","protected":false},"author":1,"featured_media":0,"parent":0,"menu_order":0,"comment_status":"closed","ping_status":"closed","template":"","meta":[],"pagina":[],"acf":[],"yoast_head":"<!-- This site is optimized with the Yoast SEO plugin v19.13 - https:\/\/yoast.com\/wordpress\/plugins\/seo\/ -->\n<title>Com Jovens - UNPOP - UNpacking POPulism<\/title>\n<meta name=\"robots\" content=\"index, follow, max-snippet:-1, max-image-preview:large, max-video-preview:-1\" \/>\n<link rel=\"canonical\" href=\"https:\/\/unpop.ces.uc.pt\/en\/com-jovens\/\" \/>\n<meta property=\"og:locale\" content=\"en_US\" \/>\n<meta property=\"og:type\" content=\"article\" \/>\n<meta property=\"og:title\" content=\"Com Jovens - UNPOP - UNpacking POPulism\" \/>\n<meta property=\"og:url\" content=\"https:\/\/unpop.ces.uc.pt\/en\/com-jovens\/\" \/>\n<meta property=\"og:site_name\" content=\"UNPOP - UNpacking POPulism\" \/>\n<meta property=\"article:modified_time\" content=\"2022-12-29T14:55:50+00:00\" \/>\n<meta name=\"twitter:card\" content=\"summary_large_image\" \/>\n<script type=\"application\/ld+json\" class=\"yoast-schema-graph\">{\"@context\":\"https:\/\/schema.org\",\"@graph\":[{\"@type\":\"WebPage\",\"@id\":\"https:\/\/unpop.ces.uc.pt\/com-jovens\/\",\"url\":\"https:\/\/unpop.ces.uc.pt\/com-jovens\/\",\"name\":\"Com Jovens - UNPOP - UNpacking POPulism\",\"isPartOf\":{\"@id\":\"https:\/\/unpop.ces.uc.pt\/#website\"},\"datePublished\":\"2022-09-13T00:43:28+00:00\",\"dateModified\":\"2022-12-29T14:55:50+00:00\",\"breadcrumb\":{\"@id\":\"https:\/\/unpop.ces.uc.pt\/com-jovens\/#breadcrumb\"},\"inLanguage\":\"en-US\",\"potentialAction\":[{\"@type\":\"ReadAction\",\"target\":[\"https:\/\/unpop.ces.uc.pt\/com-jovens\/\"]}]},{\"@type\":\"BreadcrumbList\",\"@id\":\"https:\/\/unpop.ces.uc.pt\/com-jovens\/#breadcrumb\",\"itemListElement\":[{\"@type\":\"ListItem\",\"position\":1,\"name\":\"Home\",\"item\":\"https:\/\/unpop.ces.uc.pt\/\"},{\"@type\":\"ListItem\",\"position\":2,\"name\":\"Com Jovens\"}]},{\"@type\":\"WebSite\",\"@id\":\"https:\/\/unpop.ces.uc.pt\/#website\",\"url\":\"https:\/\/unpop.ces.uc.pt\/\",\"name\":\"UNPOP - Populismo e Emo\u00e7\u00f5es\",\"description\":\"Desmontar o Populismo\",\"publisher\":{\"@id\":\"https:\/\/unpop.ces.uc.pt\/#organization\"},\"potentialAction\":[{\"@type\":\"SearchAction\",\"target\":{\"@type\":\"EntryPoint\",\"urlTemplate\":\"https:\/\/unpop.ces.uc.pt\/?s={search_term_string}\"},\"query-input\":\"required name=search_term_string\"}],\"inLanguage\":\"en-US\"},{\"@type\":\"Organization\",\"@id\":\"https:\/\/unpop.ces.uc.pt\/#organization\",\"name\":\"UNPOP - UNpacking POPulism\",\"url\":\"https:\/\/unpop.ces.uc.pt\/\",\"logo\":{\"@type\":\"ImageObject\",\"inLanguage\":\"en-US\",\"@id\":\"https:\/\/unpop.ces.uc.pt\/#\/schema\/logo\/image\/\",\"url\":\"https:\/\/unpop.ces.uc.pt\/upsite\/wp-content\/uploads\/2022\/07\/unpop-logo-text.png\",\"contentUrl\":\"https:\/\/unpop.ces.uc.pt\/upsite\/wp-content\/uploads\/2022\/07\/unpop-logo-text.png\",\"width\":200,\"height\":75,\"caption\":\"UNPOP - UNpacking POPulism\"},\"image\":{\"@id\":\"https:\/\/unpop.ces.uc.pt\/#\/schema\/logo\/image\/\"}}]}<\/script>\n<!-- \/ Yoast SEO plugin. -->","yoast_head_json":{"title":"Com Jovens - UNPOP - UNpacking POPulism","robots":{"index":"index","follow":"follow","max-snippet":"max-snippet:-1","max-image-preview":"max-image-preview:large","max-video-preview":"max-video-preview:-1"},"canonical":"https:\/\/unpop.ces.uc.pt\/en\/com-jovens\/","og_locale":"en_US","og_type":"article","og_title":"Com Jovens - UNPOP - UNpacking POPulism","og_url":"https:\/\/unpop.ces.uc.pt\/en\/com-jovens\/","og_site_name":"UNPOP - UNpacking POPulism","article_modified_time":"2022-12-29T14:55:50+00:00","twitter_card":"summary_large_image","schema":{"@context":"https:\/\/schema.org","@graph":[{"@type":"WebPage","@id":"https:\/\/unpop.ces.uc.pt\/com-jovens\/","url":"https:\/\/unpop.ces.uc.pt\/com-jovens\/","name":"Com Jovens - UNPOP - UNpacking POPulism","isPartOf":{"@id":"https:\/\/unpop.ces.uc.pt\/#website"},"datePublished":"2022-09-13T00:43:28+00:00","dateModified":"2022-12-29T14:55:50+00:00","breadcrumb":{"@id":"https:\/\/unpop.ces.uc.pt\/com-jovens\/#breadcrumb"},"inLanguage":"en-US","potentialAction":[{"@type":"ReadAction","target":["https:\/\/unpop.ces.uc.pt\/com-jovens\/"]}]},{"@type":"BreadcrumbList","@id":"https:\/\/unpop.ces.uc.pt\/com-jovens\/#breadcrumb","itemListElement":[{"@type":"ListItem","position":1,"name":"Home","item":"https:\/\/unpop.ces.uc.pt\/"},{"@type":"ListItem","position":2,"name":"Com Jovens"}]},{"@type":"WebSite","@id":"https:\/\/unpop.ces.uc.pt\/#website","url":"https:\/\/unpop.ces.uc.pt\/","name":"UNPOP - Populismo e Emo\u00e7\u00f5es","description":"Desmontar o Populismo","publisher":{"@id":"https:\/\/unpop.ces.uc.pt\/#organization"},"potentialAction":[{"@type":"SearchAction","target":{"@type":"EntryPoint","urlTemplate":"https:\/\/unpop.ces.uc.pt\/?s={search_term_string}"},"query-input":"required name=search_term_string"}],"inLanguage":"en-US"},{"@type":"Organization","@id":"https:\/\/unpop.ces.uc.pt\/#organization","name":"UNPOP - UNpacking POPulism","url":"https:\/\/unpop.ces.uc.pt\/","logo":{"@type":"ImageObject","inLanguage":"en-US","@id":"https:\/\/unpop.ces.uc.pt\/#\/schema\/logo\/image\/","url":"https:\/\/unpop.ces.uc.pt\/upsite\/wp-content\/uploads\/2022\/07\/unpop-logo-text.png","contentUrl":"https:\/\/unpop.ces.uc.pt\/upsite\/wp-content\/uploads\/2022\/07\/unpop-logo-text.png","width":200,"height":75,"caption":"UNPOP - UNpacking POPulism"},"image":{"@id":"https:\/\/unpop.ces.uc.pt\/#\/schema\/logo\/image\/"}}]}},"_links":{"self":[{"href":"https:\/\/unpop.ces.uc.pt\/en\/wp-json\/wp\/v2\/pages\/6679"}],"collection":[{"href":"https:\/\/unpop.ces.uc.pt\/en\/wp-json\/wp\/v2\/pages"}],"about":[{"href":"https:\/\/unpop.ces.uc.pt\/en\/wp-json\/wp\/v2\/types\/page"}],"author":[{"embeddable":true,"href":"https:\/\/unpop.ces.uc.pt\/en\/wp-json\/wp\/v2\/users\/1"}],"replies":[{"embeddable":true,"href":"https:\/\/unpop.ces.uc.pt\/en\/wp-json\/wp\/v2\/comments?post=6679"}],"version-history":[{"count":16,"href":"https:\/\/unpop.ces.uc.pt\/en\/wp-json\/wp\/v2\/pages\/6679\/revisions"}],"predecessor-version":[{"id":1006978,"href":"https:\/\/unpop.ces.uc.pt\/en\/wp-json\/wp\/v2\/pages\/6679\/revisions\/1006978"}],"wp:attachment":[{"href":"https:\/\/unpop.ces.uc.pt\/en\/wp-json\/wp\/v2\/media?parent=6679"}],"wp:term":[{"taxonomy":"pagina","embeddable":true,"href":"https:\/\/unpop.ces.uc.pt\/en\/wp-json\/wp\/v2\/pagina?post=6679"}],"curies":[{"name":"wp","href":"https:\/\/api.w.org\/{rel}","templated":true}]}}